{"id":5497,"date":"2018-03-07T19:56:18","date_gmt":"2018-03-07T23:56:18","guid":{"rendered":"https:\/\/previsionmontevecchio.com\/terminos-y-condiciones-y-politicas-de-privacidad\/"},"modified":"2018-09-06T16:58:09","modified_gmt":"2018-09-06T20:58:09","slug":"terminos-y-condiciones-y-politicas-de-privacidad","status":"publish","type":"page","link":"https:\/\/previsionmontevecchio.com\/en\/terminos-y-condiciones-y-politicas-de-privacidad\/","title":{"rendered":"Terms and conditions and Privacy policies"},"content":{"rendered":"<p>[et_pb_section bb_built=&#8221;1&#8243; _builder_version=&#8221;3.0.91&#8243; background_image=&#8221;https:\/\/previsionmontevecchio.com\/wp-content\/uploads\/2017\/12\/IMG-head-quienes-somos.jpg&#8221; custom_margin=&#8221;0px||0px|&#8221; custom_padding=&#8221;0px||0px|&#8221; next_background_color=&#8221;#ffffff&#8221;][et_pb_row _builder_version=&#8221;3.0.91&#8243;][et_pb_column type=&#8221;4_4&#8243;][et_pb_text admin_label=&#8221;Titulo T\u00e9rminos y condiciones&#8221; _builder_version=&#8221;3.0.106&#8243; header_font=&#8221;Marcellus||||||||&#8221; header_text_align=&#8221;left&#8221; header_font_size=&#8221;36px&#8221; header_text_color=&#8221;#ffffff&#8221; custom_padding=&#8221;||0px|&#8221; background_layout=&#8221;dark&#8221;]<\/p>\n<h1>POL\u00cdTICAS DE PRIVACIDAD<\/h1>\n<p>[\/et_pb_text][\/et_pb_column][\/et_pb_row][\/et_pb_section][et_pb_section bb_built=&#8221;1&#8243; fullwidth=&#8221;off&#8221; specialty=&#8221;off&#8221; _builder_version=&#8221;3.0.97&#8243; custom_padding=&#8221;0px||0px|&#8221; prev_background_color=&#8221;#000000&#8243; next_background_color=&#8221;#3e567c&#8221;][et_pb_row][et_pb_column type=&#8221;4_4&#8243;][et_pb_text _builder_version=&#8221;3.0.106&#8243; background_layout=&#8221;light&#8221; header_4_font=&#8221;Marcellus||||||||&#8221;]<span style=\"font-size: 14pt;\">POL\u00cdTICAS DE PRIVACIDAD<br \/>\n<\/span><\/p>\n<p><span style=\"font-size: 14pt;\">PrevisionMontevecchio.com es una publicaci\u00f3n electr\u00f3nica, que ofrece servicios exequiales a sus afiliados. Los servicios prestados a trav\u00e9s de esta p\u00e1gina web est\u00e1n sujetos al cumplimiento de los t\u00e9rminos y condiciones de uso aqu\u00ed previstas. Al acceder a esta p\u00e1gina web, el usuario declara aceptar, entender y estar de acuerdo con los t\u00e9rminos y condiciones contenidos en la misma, y en caso contrario, el usuario deber\u00e1 salir de la p\u00e1gina. Es exclusiva obligaci\u00f3n del usuario revisar peri\u00f3dicamente los T\u00e9rminos, Condiciones y Pol\u00edticas de privacidad de esta p\u00e1gina web, para estar informado de cualquier modificaci\u00f3n a los mismos. El acceso nuevamente a la p\u00e1gina ser\u00e1 considerado como una aceptaci\u00f3n t\u00e1cita de las nuevas condiciones o las modificaciones. El usuario reconoce que al haber accedido en la p\u00e1gina de PrevisionMontevecchio.com, lo ha hecho por su propia voluntad. Adem\u00e1s de ser responsable por los efectos legales de la sola entrada, est\u00e1 aceptando el contenido publicado y reconoce como aut\u00e9ntico cualquier medio de prueba o proceso tecnol\u00f3gico que utilice PrevisionMontevecchio.com para comprobar la entrada o salida del usuario de esta p\u00e1gina web.<\/span><\/p>\n<ol>\n<li><span style=\"font-size: 14pt;\">T\u00e9rminos y Limitaciones de Uso.<\/span><br \/>\n<span style=\"font-size: 14pt;\">El usuario no podr\u00e1 copiar, modificar, distribuir, o transmitir, informaci\u00f3n alguna encontrada en esta p\u00e1gina web, sin el consentimiento expreso obtenido de PrevisionMontevecchio.com. Cualquier solicitud de informaci\u00f3n deber\u00e1 ser dirigida a trav\u00e9s del formulario de cont\u00e1ctenos.<\/span><\/li>\n<li><span style=\"font-size: 14pt;\">Compatibilidad de Navegadores.<\/span><br \/>\n<span style=\"font-size: 14pt;\">El usuario acepta y reconoce que la presente p\u00e1gina ha sido dise\u00f1ada para funcionar mejor con unos navegadores que con otros y en este sentido declara no tener derecho a reclamo alguno y libera a PrevisionMontevecchio.com de cualquier responsabilidad que pudiera tener frente al usuario por el mejor o peor desempe\u00f1o del navegador dentro de esta p\u00e1gina.<\/span><\/li>\n<li><span style=\"font-size: 14pt;\">Hiperv\u00ednculos (&#8220;Links&#8221;).<\/span><br \/>\n<span style=\"font-size: 14pt;\">V\u00ednculos &#8220;Out-in&#8221;: Desde Internet hacia PrevisionMontevecchio.com, deber\u00e1 autorizar a cualesquiera terceros que deseen crear y establecer un &#8220;Link&#8221; desde su p\u00e1gina web hacia la p\u00e1gina web de PrevisionMontevecchio.com, quedando entendido que PrevisionMontevecchio.com no ser\u00e1 en ning\u00fan caso responsable por da\u00f1os que puedan ocasionarse a usuarios, que de buena fe accedan a su p\u00e1gina web desde estas p\u00e1ginas, hayan sido autorizadas o no, por lo que el usuario libera a PrevisionMontevecchio.com de cualquier responsabilidad en este sentido ya que declara que ha accedido a esta p\u00e1gina web por su propia cuenta y riesgo.<\/span><\/li>\n<li><span style=\"font-size: 14pt;\">Contrato de afiliaci\u00f3n<\/span><br \/>\n<span style=\"font-size: 14pt;\">Todos los aspectos relativo al Contrato se regir\u00e1n por las condiciones previstas en el mismo, quedando entendido la aceptaci\u00f3n por parte del afiliado por lo dispuesto en las Condiciones Generales de Uso, Pol\u00edticas y T\u00e9rminos Legales incluidos en esta p\u00e1gina web.<\/span><br \/>\n<span style=\"font-size: 14pt;\">PrevisionMontevecchio.com se reserva el derecho de desconectar o remover al usuario de una o todas las comunidades, en cualquier momento y por cualquier raz\u00f3n, sin que esto implique o crea derecho a indemnizaci\u00f3n alguna para el usuario, quien reconoce y acepta que su participaci\u00f3n en las Comunidades es por su propio riesgo. PrevisionMontevecchio.com tampoco tiene obligaci\u00f3n alguna de supervisar las comunidades, reserv\u00e1ndose el derecho de suministrar cualquier informaci\u00f3n en su conocimiento, cuando le sea requerido por la autoridad competente, as\u00ed como podr\u00e1 libremente editar y\/o colocar cualquier informaci\u00f3n en las comunidades, a su sola discreci\u00f3n.<\/span><\/li>\n<li><span style=\"font-size: 14pt;\">Cancelaci\u00f3n del Servicio.<\/span><br \/>\n<span style=\"font-size: 14pt;\">PrevisionMontevecchio.cm podr\u00e1, a su sola discreci\u00f3n, cancelar el servicio prestado por esta p\u00e1gina web, remover al afiliado de su base de datos e impedir el acceso a su p\u00e1gina, en cualquier momento y sin previo aviso dado al usuario cuando a su s\u00f3lo criterio considere que se est\u00e1 poniendo en riesgo la integridad y seguridad de sus sistemas, de sus usuarios o de un tercero o empresa relacionada.<\/span><\/li>\n<li><span style=\"font-size: 14pt;\">Acceso de menores de edad.<\/span><br \/>\n<span style=\"font-size: 14pt;\">En caso de que menores de edad accedan a los servicios de PrevisionMontevecchio.com, esta empresa presume que lo han hecho con el debido consentimiento de sus representantes legales. <\/span><\/li>\n<li><span style=\"font-size: 14pt;\">Modificaci\u00f3n de las Condiciones Generales de Uso, Pol\u00edticas y T\u00e9rminos Legales.<\/span><br \/>\n<span style=\"font-size: 14pt;\">PrevisionMontevecchio.com se reserva el derecho de modificar cuando lo considere adecuado sus condiciones generales de uso, sus pol\u00edticas y sus t\u00e9rminos legales de esta p\u00e1gina web. El usuario se obliga a revisar el contenido de estas condiciones generales de uso, pol\u00edticas y t\u00e9rminos, ya que las mismas pueden ser modificadas sin previo aviso. Asimismo, comprende y acepta todas y cada una de las cl\u00e1usulas contenidas en el presente documento. Es de la entera responsabilidad del usuario revisar los t\u00e9rminos antes mencionados.<\/span><\/li>\n<\/ol>\n<p><span style=\"font-size: 14pt;\">TERMINOS Y CONDICIONES<\/span><\/p>\n<p><span style=\"font-size: 14pt;\">La falsedad en edades, nombres, parentesco o estado de salud son causales para no prestar el servicio, en caso de presentarse Previsi\u00f3n Montevecchio, quedar\u00e1 eximida de cualquier responsabilidad y\/o reclamaci\u00f3n de cualquier \u00edndole, no encontr\u00e1ndose obligada a prestar el servicio ni a reembolsar cantidad alguna<\/span><\/p>\n<p><span style=\"font-size: 14pt;\">Se entiendo que el titular debe estar al d\u00eda con sus pagos para tener derecho a los servicios, quedando entendido que si el atraso cumple tres meses, se cancelar\u00e1 autom\u00e1ticamente el contrato y en caso de darse fortuitamente una solicitud de servicio, Previsi\u00f3n Montevecchio no estar\u00e1 obligada a prestar el servicio por incumplimiento del contrato., por lo tanto es responsabilidad del cliente cumplir puntualmente con los pagos de su cuota sin importar el medio que haya elegido (cheque, deposito o d\u00e9bito autom\u00e1tico).<\/span><\/p>\n<p><span style=\"font-size: 14pt;\">El titular de la afiliaci\u00f3n debe notificar inmediatamente a Previsi\u00f3n Montevecchio el cambio de datos b\u00e1sicos como n\u00fameros de tel\u00e9fono, direcci\u00f3n de correspondencia, destino final, correo electr\u00f3nico y medio de pago. De no informar a tiempo el cambio de direcci\u00f3n de residencia del titular o de sus beneficiarios a la hora de solicitar un servicio se cobrar\u00e1 traslado por cambio de direcci\u00f3n. <\/span><\/p>\n<p><span style=\"font-size: 14pt;\">Queda entendido por el titular que el servicio de repatriaci\u00f3n de cuerpo o de cenizas es un proceso extenso que depende de las autoridades del pa\u00eds para cumplir con los requisitos necesarios de salida del pa\u00eds. <\/span><br \/>\n<span style=\"font-size: 14pt;\">Vigencia<\/span><\/p>\n<ol>\n<li><span style=\"font-size: 14pt;\">La vigencia del plan es por un a\u00f1o desde la fecha de la inscripci\u00f3n. <\/span><\/li>\n<li><span style=\"font-size: 14pt;\">Renovaci\u00f3n: Cuentan con renovaci\u00f3n autom\u00e1tica siempre y cuando alguna de las partes no exprese por escrito su voluntad de retirarse, un mes antes de la fecha de vencimiento. En caso de no enviar solicitud escrita se le cobrar\u00e1 hasta el corte final, de no pagar esta cuenta se enviar\u00e1 a una compa\u00f1\u00eda de colecci\u00f3n para tramitar pago.<\/span><\/li>\n<li><span style=\"font-size: 14pt;\">El contrato este sujeto a incremento en el precio. Este incremento s\u00f3lo se realizar\u00e1 en el momento de la renovaci\u00f3n.<\/span><\/li>\n<\/ol>\n<p><span style=\"font-size: 14pt;\">El Titular entiende y acepta las condiciones del contrato y se acoge a las pol\u00edticas de la empresa Previsi\u00f3n Montevecchio, que se encuentran publicadas en cada contrato y en su publicaci\u00f3n digital www.previsionmontevecchio.com<\/span><\/p>\n<p>[\/et_pb_text][\/et_pb_column][\/et_pb_row][\/et_pb_section][et_pb_section bb_built=&#8221;1&#8243; _builder_version=&#8221;3.2.1&#8243; background_color=&#8221;#3e567c&#8221; animation_style=&#8221;fade&#8221; prev_background_color=&#8221;#ffffff&#8221; global_module=&#8221;4062&#8243;][et_pb_row global_parent=&#8221;4062&#8243; _builder_version=&#8221;3.2.1&#8243; background_size=&#8221;initial&#8221; background_position=&#8221;top_left&#8221; background_repeat=&#8221;repeat&#8221; animation_direction=&#8221;right&#8221;][et_pb_column type=&#8221;1_4&#8243;][et_pb_image global_parent=&#8221;4062&#8243; src=&#8221;https:\/\/previsionmontevecchio.com\/wp-content\/uploads\/2018\/01\/LOGO-WEB-WHITE2.png&#8221; _builder_version=&#8221;3.0.97&#8243; animation_style=&#8221;slide&#8221; animation_direction=&#8221;top&#8221; \/][et_pb_social_media_follow global_parent=&#8221;4062&#8243; url_new_window=&#8221;off&#8221; _builder_version=&#8221;3.0.106&#8243; text_orientation=&#8221;center&#8221; custom_margin=&#8221;20px|||&#8221;][et_pb_social_media_follow_network social_network=&#8221;facebook&#8221; url=&#8221;https:\/\/www.facebook.com\/previsionmontevecchio\/&#8221; _builder_version=&#8221;3.0.106&#8243; background_color=&#8221;rgba(255,255,255,0.6)&#8221; follow_button=&#8221;off&#8221; url_new_window=&#8221;off&#8221;]<\/p>\n<p>Facebook<\/p>\n<p>[\/et_pb_social_media_follow_network][et_pb_social_media_follow_network social_network=&#8221;instagram&#8221; url=&#8221;https:\/\/www.instagram.com\/previsionmontevecchio\/&#8221; _builder_version=&#8221;3.0.106&#8243; background_color=&#8221;rgba(255,255,255,0.6)&#8221; follow_button=&#8221;off&#8221; url_new_window=&#8221;off&#8221;]<\/p>\n<p>Instagram<\/p>\n<p>[\/et_pb_social_media_follow_network][\/et_pb_social_media_follow][\/et_pb_column][et_pb_column type=&#8221;1_4&#8243;][et_pb_text admin_label=&#8221;NOSOTROS&#8221; global_parent=&#8221;4062&#8243; _builder_version=&#8221;3.2.1&#8243; text_text_color=&#8221;#ffffff&#8221; text_font_size=&#8221;16px&#8221; header_text_color=&#8221;#ce0048&#8243; header_4_font=&#8221;Marcellus||||||||&#8221; header_4_text_color=&#8221;#ffffff&#8221; background_layout=&#8221;dark&#8221;]<\/p>\n<h4>PREVISI\u00d3N MONTEVECCHIO<\/h4>\n<p>Somos una compa\u00f1\u00eda Colombo &#8211; Peruana &#8211; Americana creada para brindar tranquilidad a todas familias latinoamericanas en caso de ocurrir el deceso de un ser querido dentro o fuera de su pa\u00eds de origen. Ofrecemos soluciones integrales en asistencia funeraria y de repatriaci\u00f3n para los latinos residentes en Estados Unidos y Am\u00e9rica Latina.<\/p>\n<p>[\/et_pb_text][\/et_pb_column][et_pb_column type=&#8221;1_4&#8243;][et_pb_text admin_label=&#8221;Contacto&#8221; global_parent=&#8221;4062&#8243; _builder_version=&#8221;3.0.106&#8243; text_text_color=&#8221;#ffffff&#8221; text_font_size=&#8221;16px&#8221; header_4_font=&#8221;Marcellus||||||||&#8221; header_4_text_color=&#8221;#ffffff&#8221; background_layout=&#8221;dark&#8221;]<\/p>\n<h4>CONTACTO<\/h4>\n<p>Direcci\u00f3n:<br \/>\n3220 N 72nd Terrace,<br \/>\nHollywood FL 33024<\/p>\n<p>Tel\u00e9fono: <a href=\"tel:18009300285\">1 800 930 0285<\/a><\/p>\n<p>Direcci\u00f3n Comercial:<br \/>\nCalle 38 a Sur #46-93 Interior<br \/>\n401 Barrio Alcal\u00e1, Envigado<\/p>\n<p>[\/et_pb_text][\/et_pb_column][et_pb_column type=&#8221;1_4&#8243;][et_pb_text admin_label=&#8221;T\u00edtulo %22Testimonios%22&#8243; global_parent=&#8221;4062&#8243; _builder_version=&#8221;3.2.1&#8243; text_font_size=&#8221;16px&#8221; header_4_font=&#8221;Marcellus||||||||&#8221; header_4_text_color=&#8221;#ffffff&#8221; background_layout=&#8221;dark&#8221; custom_margin=&#8221;||0px|&#8221;]<\/p>\n<h4>TESTIMONIOS<\/h4>\n<p>[\/et_pb_text][et_pb_slider global_parent=&#8221;4062&#8243; _builder_version=&#8221;3.2.2&#8243; header_text_color=&#8221;#f4f5f7&#8243; body_text_color=&#8221;#f4f5f7&#8243;][et_pb_slide use_bg_overlay=&#8221;off&#8221; use_text_overlay=&#8221;off&#8221; _builder_version=&#8221;3.2.1&#8243; background_color=&#8221;#3e567c&#8221;]\u201cUn ser muy querido para mi falleci\u00f3 recientemente y encontr\u00e9 un valioso apoyo en Montevecchio porque me asistieron desde el mismo momento del deceso, acompa\u00f1\u00e1ndome hasta su despedida final. Ellos se hicieron cargo de todos los tr\u00e1mites y le ofrecieron un servicio digno\u201d. <i>Mar\u00eda Esteban Miami FL<\/i>[\/et_pb_slide][et_pb_slide use_bg_overlay=&#8221;off&#8221; use_text_overlay=&#8221;off&#8221; _builder_version=&#8221;3.2.1&#8243; body_font_size_tablet=&#8221;16px&#8221; body_font_size_phone=&#8221;16px&#8221; background_color=&#8221;#3e567c&#8221; button_on_hover=&#8221;on&#8221;]\u201cAfortunadamente, a\u00fan no he tenido necesidad de usar los servicios, pero tienen tarifas accesibles y te asesoran para que puedas estar cubierto de manera preventiva para el momento en que sea necesario despedir a un familar o amigo\u201d. <i>Joha River Nashville, TN<\/i>[\/et_pb_slide][et_pb_slide use_bg_overlay=&#8221;off&#8221; use_text_overlay=&#8221;off&#8221; _builder_version=&#8221;3.2.1&#8243; body_font_size_tablet=&#8221;16px&#8221; body_font_size_phone=&#8221;16px&#8221; background_color=&#8221;#3e567c&#8221; button_on_hover=&#8221;on&#8221;]\u201cRecomiendo ampliamente los servicios y planes de Montevecchio, el mayor deseo de mi madre era poder volver a su pa\u00eds para poder descansar en \u00e9l junto a sus otros seres queridos y para que la mayor\u00eda de sus hijos y nietos tuvieran acceso a visitarla. Gracias a ellos pude lograr su Repatriaci\u00f3n\u201d. <i>Cesar Martin Brooklyn NY<\/i>[\/et_pb_slide][et_pb_slide use_bg_overlay=&#8221;off&#8221; use_text_overlay=&#8221;off&#8221; _builder_version=&#8221;3.2.1&#8243; body_font_size_tablet=&#8221;16px&#8221; body_font_size_phone=&#8221;16px&#8221; background_color=&#8221;#3e567c&#8221; button_on_hover=&#8221;on&#8221;]\u201cConsidero que en Previsi\u00f3n Montevecchio tienen un programa completo en cuanto a todos los servicios que se pudieran requerirse en este tipo de situaciones donde te encuentras abatido, ellos se ajustan a las necesidades de uno\u201d. <i>Ferdinando Martinez Hollywood, FL<\/i>[\/et_pb_slide][\/et_pb_slider][\/et_pb_column][\/et_pb_row][\/et_pb_section]<\/p>\n","protected":false},"excerpt":{"rendered":"<p>POL\u00cdTICAS DE PRIVACIDAD <div class=\"et_pb_row et_pb_row_0 et_pb_row_empty\">\n\t\t\t\t\n\t\t\t\t\n\t\t\t\t\n\t\t\t\t\n\t\t\t\t\n\t\t\t<\/div>POL\u00cdTICAS DE PRIVACIDAD PrevisionMontevecchio.com es una publicaci\u00f3n electr\u00f3nica, que ofrece servicios exequiales a sus afiliados. Los servicios prestados a trav\u00e9s de esta p\u00e1gina web est\u00e1n sujetos al cumplimiento de los t\u00e9rminos y condiciones de uso aqu\u00ed previstas. Al acceder a esta p\u00e1gina web, el usuario declara aceptar, entender y estar de acuerdo [&hellip;]<\/p>\n","protected":false},"author":2,"featured_media":0,"parent":0,"menu_order":0,"comment_status":"closed","ping_status":"closed","template":"","meta":{"_et_pb_use_builder":"on","_et_pb_old_content":"","_et_gb_content_width":"","footnotes":""},"class_list":["post-5497","page","type-page","status-publish","hentry"],"_links":{"self":[{"href":"https:\/\/previsionmontevecchio.com\/en\/wp-json\/wp\/v2\/pages\/5497\/"}],"collection":[{"href":"https:\/\/previsionmontevecchio.com\/en\/wp-json\/wp\/v2\/pages\/"}],"about":[{"href":"https:\/\/previsionmontevecchio.com\/en\/wp-json\/wp\/v2\/types\/page\/"}],"author":[{"embeddable":true,"href":"https:\/\/previsionmontevecchio.com\/en\/wp-json\/wp\/v2\/users\/2\/"}],"replies":[{"embeddable":true,"href":"https:\/\/previsionmontevecchio.com\/en\/wp-json\/wp\/v2\/comments\/?post=5497"}],"version-history":[{"count":12,"href":"https:\/\/previsionmontevecchio.com\/en\/wp-json\/wp\/v2\/pages\/5497\/revisions\/"}],"predecessor-version":[{"id":6620,"href":"https:\/\/previsionmontevecchio.com\/en\/wp-json\/wp\/v2\/pages\/5497\/revisions\/6620\/"}],"wp:attachment":[{"href":"https:\/\/previsionmontevecchio.com\/en\/wp-json\/wp\/v2\/media\/?parent=5497"}],"curies":[{"name":"wp","href":"https:\/\/api.w.org\/{rel}","templated":true}]}}