{"id":5370,"date":"2018-03-07T15:56:33","date_gmt":"2018-03-07T19:56:33","guid":{"rendered":"https:\/\/previsionmontevecchio.com\/services\/"},"modified":"2018-05-15T22:49:28","modified_gmt":"2018-05-16T02:49:28","slug":"services","status":"publish","type":"page","link":"https:\/\/previsionmontevecchio.com\/en\/services\/","title":{"rendered":"Services"},"content":{"rendered":"<p>[et_pb_section bb_built=&#8221;1&#8243; _builder_version=&#8221;3.0.91&#8243; background_image=&#8221;https:\/\/previsionmontevecchio.com\/wp-content\/uploads\/2017\/12\/IMG-head-quienes-somos.jpg&#8221; custom_margin=&#8221;0px||0px|&#8221; custom_padding=&#8221;0px||0px|&#8221; next_background_color=&#8221;#ffffff&#8221;][et_pb_row _builder_version=&#8221;3.0.91&#8243;][et_pb_column type=&#8221;4_4&#8243;][et_pb_text background_layout=&#8221;dark&#8221; _builder_version=&#8221;3.2.2&#8243; header_font=&#8221;Josefin Sans||||||||&#8221; header_text_align=&#8221;left&#8221; header_font_size=&#8221;36px&#8221; header_text_color=&#8221;#ffffff&#8221; header_4_font=&#8221;Marcellus||||||||&#8221; custom_padding=&#8221;||0px|&#8221; text_font=&#8221;Josefin Sans||||||||&#8221;]<\/p>\n<h1>SERVICES<\/h1>\n<p>[\/et_pb_text][\/et_pb_column][\/et_pb_row][\/et_pb_section][et_pb_section bb_built=&#8221;1&#8243; _builder_version=&#8221;3.0.97&#8243; custom_padding=&#8221;0px||0px|&#8221; prev_background_color=&#8221;#000000&#8243; next_background_color=&#8221;#3e567c&#8221;][et_pb_row _builder_version=&#8221;3.0.47&#8243; background_size=&#8221;initial&#8221; background_position=&#8221;top_left&#8221; background_repeat=&#8221;repeat&#8221;][et_pb_column type=&#8221;1_2&#8243;][et_pb_image src=&#8221;https:\/\/previsionmontevecchio.com\/wp-content\/uploads\/2018\/01\/servicio.jpg&#8221; _builder_version=&#8221;3.0.97&#8243;]<\/p>\n<p>&nbsp;<\/p>\n<p>[\/et_pb_image][et_pb_text _builder_version=&#8221;3.0.106&#8243; header_4_font=&#8221;Marcellus||||||||&#8221; header_4_text_align=&#8221;center&#8221; text_orientation=&#8221;center&#8221; background_layout=&#8221;light&#8221; text_font_size=&#8221;18px&#8221; text_text_color=&#8221;#425d7c&#8221; header_text_color=&#8221;#425d7c&#8221;]<\/p>\n<h4 style=\"text-align: center; color: #425d7c;\">Our experience allows us to understand the confusion the relatives go through at the moment of a relative\u2019s death, even more when they require a repatriation. To help them manage this moment we offer:<\/h4>\n<p>[\/et_pb_text][\/et_pb_column][et_pb_column type=&#8221;1_2&#8243;][et_pb_text admin_label=&#8221;Servicios&#8221; _builder_version=&#8221;3.0.106&#8243; background_layout=&#8221;light&#8221; text_font_size=&#8221;18px&#8221; text_text_color=&#8221;#425d7c&#8221; header_text_color=&#8221;#425d7c&#8221;]<\/p>\n<h3 style=\"color: #425d7c;\">&#8211; We offer a confident repatriation from the USA to your origin country in Latin America.<\/h3>\n<ul>\n<li>Legal procedures<\/li>\n<li>Transfers needed within your locality<\/li>\n<li>Preparation of the corpse<\/li>\n<li>Coffin<\/li>\n<li>Viewing service<\/li>\n<li>Repatriation to the origin country<\/li>\n<\/ul>\n<h3 style=\"color: #425d7c;\">&#8211; Funeral service in the country of Latin America<\/h3>\n<ul>\n<li>Legal procedures<\/li>\n<li>Transfers needed within your locality<\/li>\n<li>Preparation of the corpse<\/li>\n<li>Viewing service<\/li>\n<li>Cremation<\/li>\n<\/ul>\n<h3 style=\"color: #425d7c;\">&#8211; Viewing service and cremation in the USA<\/h3>\n<ul>\n<li>Legal procedures<\/li>\n<li>Transportation needed within your locality<\/li>\n<li>Preparation of the corpse<\/li>\n<li>Viewing service<\/li>\n<li>Cremation<\/li>\n<\/ul>\n<p>[\/et_pb_text][\/et_pb_column][\/et_pb_row][\/et_pb_section][et_pb_section bb_built=&#8221;1&#8243; background_color=&#8221;#3e567c&#8221; _builder_version=&#8221;3.2.1&#8243; animation_style=&#8221;fade&#8221; global_module=&#8221;6225&#8243; prev_background_color=&#8221;#ffffff&#8221;][et_pb_row global_parent=&#8221;6225&#8243; _builder_version=&#8221;3.2.1&#8243; background_size=&#8221;initial&#8221; background_position=&#8221;top_left&#8221; background_repeat=&#8221;repeat&#8221; animation_direction=&#8221;right&#8221;][et_pb_column type=&#8221;1_4&#8243;][et_pb_image global_parent=&#8221;6225&#8243; src=&#8221;https:\/\/previsionmontevecchio.com\/wp-content\/uploads\/2018\/01\/LOGO-WEB-WHITE2.png&#8221; _builder_version=&#8221;3.0.97&#8243; animation_style=&#8221;slide&#8221; animation_direction=&#8221;top&#8221; \/][et_pb_social_media_follow global_parent=&#8221;6225&#8243; url_new_window=&#8221;off&#8221; _builder_version=&#8221;3.0.106&#8243; text_orientation=&#8221;center&#8221; custom_margin=&#8221;20px|||&#8221; follow_button=&#8221;off&#8221; background_layout=&#8221;light&#8221;][et_pb_social_media_follow_network social_network=&#8221;facebook&#8221; _builder_version=&#8221;3.0.106&#8243; background_color=&#8221;rgba(255,255,255,0.6)&#8221; follow_button=&#8221;off&#8221; url_new_window=&#8221;off&#8221; skype_action=&#8221;call&#8221; url=&#8221;https:\/\/www.facebook.com\/previsionmontevecchio\/&#8221; use_background_color_gradient=&#8221;off&#8221; background_color_gradient_start=&#8221;#2b87da&#8221; background_color_gradient_end=&#8221;#29c4a9&#8243; background_color_gradient_type=&#8221;linear&#8221; background_color_gradient_direction=&#8221;180deg&#8221; background_color_gradient_direction_radial=&#8221;center&#8221; background_color_gradient_start_position=&#8221;0%&#8221; background_color_gradient_end_position=&#8221;100%&#8221; background_color_gradient_overlays_image=&#8221;off&#8221; parallax=&#8221;off&#8221; parallax_method=&#8221;on&#8221; background_size=&#8221;cover&#8221; background_position=&#8221;center&#8221; background_repeat=&#8221;no-repeat&#8221; background_blend=&#8221;normal&#8221; allow_player_pause=&#8221;off&#8221; background_video_pause_outside_viewport=&#8221;on&#8221; box_shadow_style=&#8221;none&#8221;]<\/p>\n<p>Facebook<\/p>\n<p>[\/et_pb_social_media_follow_network][et_pb_social_media_follow_network social_network=&#8221;instagram&#8221; _builder_version=&#8221;3.0.106&#8243; background_color=&#8221;rgba(255,255,255,0.6)&#8221; follow_button=&#8221;off&#8221; url_new_window=&#8221;off&#8221; skype_action=&#8221;call&#8221; url=&#8221;https:\/\/www.instagram.com\/previsionmontevecchio\/&#8221; use_background_color_gradient=&#8221;off&#8221; background_color_gradient_start=&#8221;#2b87da&#8221; background_color_gradient_end=&#8221;#29c4a9&#8243; background_color_gradient_type=&#8221;linear&#8221; background_color_gradient_direction=&#8221;180deg&#8221; background_color_gradient_direction_radial=&#8221;center&#8221; background_color_gradient_start_position=&#8221;0%&#8221; background_color_gradient_end_position=&#8221;100%&#8221; background_color_gradient_overlays_image=&#8221;off&#8221; parallax=&#8221;off&#8221; parallax_method=&#8221;on&#8221; background_size=&#8221;cover&#8221; background_position=&#8221;center&#8221; background_repeat=&#8221;no-repeat&#8221; background_blend=&#8221;normal&#8221; allow_player_pause=&#8221;off&#8221; background_video_pause_outside_viewport=&#8221;on&#8221; box_shadow_style=&#8221;none&#8221;]<\/p>\n<p>Instagram<\/p>\n<p>[\/et_pb_social_media_follow_network][\/et_pb_social_media_follow][\/et_pb_column][et_pb_column type=&#8221;1_4&#8243;][et_pb_text admin_label=&#8221;NOSOTROS&#8221; global_parent=&#8221;6225&#8243; background_layout=&#8221;dark&#8221; _builder_version=&#8221;3.0.106&#8243; text_text_color=&#8221;#ffffff&#8221; header_text_color=&#8221;#ce0048&#8243; header_4_font=&#8221;Marcellus||||||||&#8221; header_4_text_color=&#8221;#ffffff&#8221; text_font_size=&#8221;16px&#8221;]<\/p>\n<h4>PREVISI\u00d3N MONTEVECCHIO<\/h4>\n<p>This is Colombian \u2013 Peruvian \u2013 American company, created to bring tranquility to all the Latin American families in the case of death of any relative in their origin country or abroad. We offer integrated solutions in funeral services and the repatriation for Latin American citizens residing in the United States of America and Latin America.<\/p>\n<p>[\/et_pb_text][\/et_pb_column][et_pb_column type=&#8221;1_4&#8243;][et_pb_text admin_label=&#8221;Contacto&#8221; global_parent=&#8221;6225&#8243; background_layout=&#8221;dark&#8221; _builder_version=&#8221;3.0.106&#8243; text_text_color=&#8221;#ffffff&#8221; header_4_font=&#8221;Marcellus||||||||&#8221; header_4_text_color=&#8221;#ffffff&#8221; text_font_size=&#8221;16px&#8221;]<\/p>\n<h4>CONTACT US<\/h4>\n<p>Address:<br \/>\n3220 N 72nd Terrace,<br \/>\nHollywood FL 33024<\/p>\n<p>Phone: 1 800 930 0285<\/p>\n<p>Comercial address:<br \/>\nCalle 38 a Sur #46-93 Interior<br \/>\n401 Barrio Alcal\u00e1, Envigado<\/p>\n<p>[\/et_pb_text][\/et_pb_column][et_pb_column type=&#8221;1_4&#8243;][et_pb_text admin_label=&#8221;T\u00edtulo %22Testimonios%22&#8243; global_parent=&#8221;6225&#8243; background_layout=&#8221;dark&#8221; _builder_version=&#8221;3.2.2&#8243; header_4_font=&#8221;Marcellus||||||||&#8221; header_4_text_color=&#8221;#ffffff&#8221; custom_margin=&#8221;||0px|&#8221; text_font_size=&#8221;16px&#8221;]<\/p>\n<h4 style=\"text-align: center;\">TESTIMONIALS<\/h4>\n<p>[\/et_pb_text][et_pb_slider global_parent=&#8221;6225&#8243; _builder_version=&#8221;3.2.1&#8243; body_text_color=&#8221;#ffffff&#8221; background_color=&#8221;#3e567c&#8221; box_shadow_blur=&#8221;10px&#8221; box_shadow_color=&#8221;rgba(0,0,0,0.1)&#8221;][et_pb_slide use_bg_overlay=&#8221;off&#8221; use_text_overlay=&#8221;off&#8221; _builder_version=&#8221;3.2.1&#8243; background_color=&#8221;#3e567c&#8221; use_background_color_gradient=&#8221;off&#8221; background_color_gradient_start=&#8221;#2b87da&#8221; background_color_gradient_end=&#8221;#29c4a9&#8243; background_color_gradient_type=&#8221;linear&#8221; background_color_gradient_direction=&#8221;180deg&#8221; background_color_gradient_direction_radial=&#8221;center&#8221; background_color_gradient_start_position=&#8221;0%&#8221; background_color_gradient_end_position=&#8221;100%&#8221; background_color_gradient_overlays_image=&#8221;off&#8221; parallax=&#8221;off&#8221; parallax_method=&#8221;on&#8221; background_size=&#8221;cover&#8221; background_position=&#8221;center&#8221; background_repeat=&#8221;no-repeat&#8221; background_blend=&#8221;normal&#8221; allow_player_pause=&#8221;off&#8221; background_video_pause_outside_viewport=&#8221;on&#8221; text_border_radius=&#8221;3&#8243; alignment=&#8221;center&#8221; child_filter_hue_rotate=&#8221;0deg&#8221; child_filter_saturate=&#8221;100%&#8221; child_filter_brightness=&#8221;100%&#8221; child_filter_contrast=&#8221;100%&#8221; child_filter_invert=&#8221;0%&#8221; child_filter_sepia=&#8221;0%&#8221; child_filter_opacity=&#8221;100%&#8221; child_filter_blur=&#8221;0px&#8221; child_mix_blend_mode=&#8221;normal&#8221; background_layout=&#8221;dark&#8221; text_shadow_style=&#8221;none&#8221; header_text_shadow_style=&#8221;none&#8221; body_text_shadow_style=&#8221;none&#8221; custom_button=&#8221;off&#8221; button_bg_use_color_gradient=&#8221;off&#8221; button_bg_color_gradient_overlays_image=&#8221;off&#8221; button_use_icon=&#8221;on&#8221; button_on_hover=&#8221;on&#8221; button_text_shadow_style=&#8221;none&#8221; box_shadow_style_button=&#8221;none&#8221; text_shadow_horizontal_length=&#8221;0em&#8221; text_shadow_vertical_length=&#8221;0em&#8221; text_shadow_blur_strength=&#8221;0em&#8221; header_text_shadow_horizontal_length=&#8221;0em&#8221; header_text_shadow_vertical_length=&#8221;0em&#8221; header_text_shadow_blur_strength=&#8221;0em&#8221; body_text_shadow_horizontal_length=&#8221;0em&#8221; body_text_shadow_vertical_length=&#8221;0em&#8221; body_text_shadow_blur_strength=&#8221;0em&#8221; button_text_shadow_horizontal_length=&#8221;0em&#8221; button_text_shadow_vertical_length=&#8221;0em&#8221; button_text_shadow_blur_strength=&#8221;0em&#8221; button_link=&#8221;#&#8221;]<\/p>\n<p>&#8220;A very dear being for me passed away recently and I found a valuable support in Montevecchio because they assisted me from the moment of the decease, accompanying me until their final farewell. They took over all the paperwork and offered him a decent service. \u201d <em>Mar\u00eda Esteban Miami FL<\/em><\/p>\n<p>[\/et_pb_slide][et_pb_slide use_bg_overlay=&#8221;off&#8221; use_text_overlay=&#8221;off&#8221; _builder_version=&#8221;3.2.1&#8243; custom_button=&#8221;off&#8221; button_on_hover=&#8221;on&#8221; background_color=&#8221;#3e567c&#8221; use_background_color_gradient=&#8221;off&#8221; background_color_gradient_start=&#8221;#2b87da&#8221; background_color_gradient_end=&#8221;#29c4a9&#8243; background_color_gradient_type=&#8221;linear&#8221; background_color_gradient_direction=&#8221;180deg&#8221; background_color_gradient_direction_radial=&#8221;center&#8221; background_color_gradient_start_position=&#8221;0%&#8221; background_color_gradient_end_position=&#8221;100%&#8221; background_color_gradient_overlays_image=&#8221;off&#8221; parallax=&#8221;off&#8221; parallax_method=&#8221;on&#8221; background_size=&#8221;cover&#8221; background_position=&#8221;center&#8221; background_repeat=&#8221;no-repeat&#8221; background_blend=&#8221;normal&#8221; allow_player_pause=&#8221;off&#8221; background_video_pause_outside_viewport=&#8221;on&#8221; text_border_radius=&#8221;3&#8243; alignment=&#8221;center&#8221; child_filter_hue_rotate=&#8221;0deg&#8221; child_filter_saturate=&#8221;100%&#8221; child_filter_brightness=&#8221;100%&#8221; child_filter_contrast=&#8221;100%&#8221; child_filter_invert=&#8221;0%&#8221; child_filter_sepia=&#8221;0%&#8221; child_filter_opacity=&#8221;100%&#8221; child_filter_blur=&#8221;0px&#8221; child_mix_blend_mode=&#8221;normal&#8221; background_layout=&#8221;dark&#8221; text_shadow_style=&#8221;none&#8221; header_text_shadow_style=&#8221;none&#8221; body_text_shadow_style=&#8221;none&#8221; button_bg_use_color_gradient=&#8221;off&#8221; button_bg_color_gradient_overlays_image=&#8221;off&#8221; button_use_icon=&#8221;on&#8221; button_text_shadow_style=&#8221;none&#8221; box_shadow_style_button=&#8221;none&#8221; text_shadow_horizontal_length=&#8221;0em&#8221; text_shadow_vertical_length=&#8221;0em&#8221; text_shadow_blur_strength=&#8221;0em&#8221; header_text_shadow_horizontal_length=&#8221;0em&#8221; header_text_shadow_vertical_length=&#8221;0em&#8221; header_text_shadow_blur_strength=&#8221;0em&#8221; body_text_shadow_horizontal_length=&#8221;0em&#8221; body_text_shadow_vertical_length=&#8221;0em&#8221; body_text_shadow_blur_strength=&#8221;0em&#8221; button_text_shadow_horizontal_length=&#8221;0em&#8221; button_text_shadow_vertical_length=&#8221;0em&#8221; button_text_shadow_blur_strength=&#8221;0em&#8221; body_font_size=&#8221;16px&#8221; body_font_size_tablet=&#8221;16px&#8221; body_font_size_phone=&#8221;16px&#8221; button_link=&#8221;#&#8221;]<\/p>\n<p>\u201cFortunately, I have not had the need to use the services yet, but they have affordable rates and they advise you so that you can be covered in a preventive manner when it is necessary to dismiss a family member or friend.\u201d <em>Joha River Nashville, TN<\/em><\/p>\n<p>[\/et_pb_slide][et_pb_slide use_bg_overlay=&#8221;off&#8221; use_text_overlay=&#8221;off&#8221; _builder_version=&#8221;3.2.1&#8243; custom_button=&#8221;off&#8221; button_on_hover=&#8221;on&#8221; background_color=&#8221;#3e567c&#8221; use_background_color_gradient=&#8221;off&#8221; background_color_gradient_start=&#8221;#2b87da&#8221; background_color_gradient_end=&#8221;#29c4a9&#8243; background_color_gradient_type=&#8221;linear&#8221; background_color_gradient_direction=&#8221;180deg&#8221; background_color_gradient_direction_radial=&#8221;center&#8221; background_color_gradient_start_position=&#8221;0%&#8221; background_color_gradient_end_position=&#8221;100%&#8221; background_color_gradient_overlays_image=&#8221;off&#8221; parallax=&#8221;off&#8221; parallax_method=&#8221;on&#8221; background_size=&#8221;cover&#8221; background_position=&#8221;center&#8221; background_repeat=&#8221;no-repeat&#8221; background_blend=&#8221;normal&#8221; allow_player_pause=&#8221;off&#8221; background_video_pause_outside_viewport=&#8221;on&#8221; text_border_radius=&#8221;3&#8243; alignment=&#8221;center&#8221; child_filter_hue_rotate=&#8221;0deg&#8221; child_filter_saturate=&#8221;100%&#8221; child_filter_brightness=&#8221;100%&#8221; child_filter_contrast=&#8221;100%&#8221; child_filter_invert=&#8221;0%&#8221; child_filter_sepia=&#8221;0%&#8221; child_filter_opacity=&#8221;100%&#8221; child_filter_blur=&#8221;0px&#8221; child_mix_blend_mode=&#8221;normal&#8221; background_layout=&#8221;dark&#8221; text_shadow_style=&#8221;none&#8221; header_text_shadow_style=&#8221;none&#8221; body_text_shadow_style=&#8221;none&#8221; button_bg_use_color_gradient=&#8221;off&#8221; button_bg_color_gradient_overlays_image=&#8221;off&#8221; button_use_icon=&#8221;on&#8221; button_text_shadow_style=&#8221;none&#8221; box_shadow_style_button=&#8221;none&#8221; text_shadow_horizontal_length=&#8221;0em&#8221; text_shadow_vertical_length=&#8221;0em&#8221; text_shadow_blur_strength=&#8221;0em&#8221; header_text_shadow_horizontal_length=&#8221;0em&#8221; header_text_shadow_vertical_length=&#8221;0em&#8221; header_text_shadow_blur_strength=&#8221;0em&#8221; body_font_size=&#8221;16px&#8221; body_font_size_tablet=&#8221;16px&#8221; body_font_size_phone=&#8221;16px&#8221; body_text_shadow_horizontal_length=&#8221;0em&#8221; body_text_shadow_vertical_length=&#8221;0em&#8221; body_text_shadow_blur_strength=&#8221;0em&#8221; button_text_shadow_horizontal_length=&#8221;0em&#8221; button_text_shadow_vertical_length=&#8221;0em&#8221; button_text_shadow_blur_strength=&#8221;0em&#8221; button_link=&#8221;#&#8221;]<\/p>\n<p>I highly recommend the services and plans of Montevecchio, my mother\u2019s greatest wish was to be able to return to her country to rest in it with her other loved ones and so that most of her children and grandchildren had access to visit her. Thanks to them I was able to achieve their repatriation. \u201d <em>Cesar Martin Brooklyn NY<\/em><\/p>\n<p>[\/et_pb_slide][et_pb_slide use_bg_overlay=&#8221;off&#8221; use_text_overlay=&#8221;off&#8221; _builder_version=&#8221;3.2.1&#8243; custom_button=&#8221;off&#8221; button_on_hover=&#8221;on&#8221; background_color=&#8221;#3e567c&#8221; use_background_color_gradient=&#8221;off&#8221; background_color_gradient_start=&#8221;#2b87da&#8221; background_color_gradient_end=&#8221;#29c4a9&#8243; background_color_gradient_type=&#8221;linear&#8221; background_color_gradient_direction=&#8221;180deg&#8221; background_color_gradient_direction_radial=&#8221;center&#8221; background_color_gradient_start_position=&#8221;0%&#8221; background_color_gradient_end_position=&#8221;100%&#8221; background_color_gradient_overlays_image=&#8221;off&#8221; parallax=&#8221;off&#8221; parallax_method=&#8221;on&#8221; background_size=&#8221;cover&#8221; background_position=&#8221;center&#8221; background_repeat=&#8221;no-repeat&#8221; background_blend=&#8221;normal&#8221; allow_player_pause=&#8221;off&#8221; background_video_pause_outside_viewport=&#8221;on&#8221; text_border_radius=&#8221;3&#8243; alignment=&#8221;center&#8221; child_filter_hue_rotate=&#8221;0deg&#8221; child_filter_saturate=&#8221;100%&#8221; child_filter_brightness=&#8221;100%&#8221; child_filter_contrast=&#8221;100%&#8221; child_filter_invert=&#8221;0%&#8221; child_filter_sepia=&#8221;0%&#8221; child_filter_opacity=&#8221;100%&#8221; child_filter_blur=&#8221;0px&#8221; child_mix_blend_mode=&#8221;normal&#8221; background_layout=&#8221;dark&#8221; text_shadow_style=&#8221;none&#8221; header_text_shadow_style=&#8221;none&#8221; body_text_shadow_style=&#8221;none&#8221; button_bg_use_color_gradient=&#8221;off&#8221; button_bg_color_gradient_overlays_image=&#8221;off&#8221; button_use_icon=&#8221;on&#8221; button_text_shadow_style=&#8221;none&#8221; box_shadow_style_button=&#8221;none&#8221; text_shadow_horizontal_length=&#8221;0em&#8221; text_shadow_vertical_length=&#8221;0em&#8221; text_shadow_blur_strength=&#8221;0em&#8221; header_text_shadow_horizontal_length=&#8221;0em&#8221; header_text_shadow_vertical_length=&#8221;0em&#8221; header_text_shadow_blur_strength=&#8221;0em&#8221; body_text_shadow_horizontal_length=&#8221;0em&#8221; body_text_shadow_vertical_length=&#8221;0em&#8221; body_text_shadow_blur_strength=&#8221;0em&#8221; button_text_shadow_horizontal_length=&#8221;0em&#8221; button_text_shadow_vertical_length=&#8221;0em&#8221; button_text_shadow_blur_strength=&#8221;0em&#8221; body_font_size=&#8221;16px&#8221; body_font_size_tablet=&#8221;16px&#8221; body_font_size_phone=&#8221;16px&#8221; button_link=&#8221;#&#8221;]<\/p>\n<p>\u201cI believe that in Montevecchio Forecast they have a complete program regarding all the services that may be required in this type of situation where you find yourself dejected, they adjust to your needs\u201d. <em>Ferdinando Martinez Hollywood, FL<\/em><\/p>\n<p>[\/et_pb_slide][\/et_pb_slider][\/et_pb_column][\/et_pb_row][\/et_pb_section]<\/p>\n","protected":false},"excerpt":{"rendered":"<p>SERVICES &nbsp; Our experience allows us to understand the confusion the relatives go through at the moment of a relative\u2019s death, even more when they require a repatriation. To help them manage this moment we offer: &#8211; We offer a confident repatriation from the USA to your origin country in Latin America. Legal procedures Transfers [&hellip;]<\/p>\n","protected":false},"author":2,"featured_media":0,"parent":0,"menu_order":0,"comment_status":"closed","ping_status":"closed","template":"","meta":{"_et_pb_use_builder":"on","_et_pb_old_content":"<div class=\"vc_row wpb_row vc_row-fluid\">\r\n<div class=\"wpb_column vc_column_container vc_col-sm-12\">\r\n<div class=\"vc_column-inner \">\r\n<div class=\"wpb_wrapper\">\r\n<div class=\"wpb_text_column wpb_content_element \">\r\n<div class=\"wpb_wrapper\">\r\n<h2 class=\"sc_title sc_title_regular sc_align_center fig_border\" style=\"text-align: center;\"><img class=\"aligncenter size-medium wp-image-475\" src=\"http:\/\/previsionmontevecchio.montielorganization.com\/wp-content\/uploads\/2016\/08\/GDL_Servicios-300x204.jpg\" alt=\"\" width=\"300\" height=\"204\" \/><\/h2>\r\n<h2 class=\"sc_title sc_title_regular sc_align_center fig_border\" style=\"text-align: center;\">Servicios<\/h2>\r\n<\/div>\r\n<\/div>\r\n<\/div>\r\n<\/div>\r\n<\/div>\r\n<\/div>\r\n<strong>Repatriaci\u00f3n desde USA hasta el pa\u00eds y ciudad de origen en Am\u00e9rica Latina<\/strong>\r\n<ul>\r\n \t<li style=\"text-align: left;\">Tr\u00e1mites legales<\/li>\r\n \t<li style=\"text-align: left;\">Traslados necesarios<\/li>\r\n \t<li style=\"text-align: left;\">Preparaci\u00f3n<\/li>\r\n \t<li style=\"text-align: left;\">Cofre<\/li>\r\n \t<li style=\"text-align: left;\">Velaci\u00f3n<\/li>\r\n \t<li style=\"text-align: left;\">Repatriaci\u00f3n al pa\u00eds de origen<\/li>\r\n<\/ul>\r\n<strong>Servicio funerario en el pa\u00eds de Am\u00e9rica Latina al que realicemos la repatriaci\u00f3n<\/strong>\r\n<ul>\r\n \t<li>Tr\u00e1mites legales<\/li>\r\n \t<li>Traslados Terrestres<\/li>\r\n \t<li>Preparaci\u00f3n<\/li>\r\n \t<li>Velaci\u00f3n<\/li>\r\n \t<li>Cremaci\u00f3n (excepto Colombia en el cual se podr\u00e1 brindar inhumaci\u00f3n si la familia lo dispone)<\/li>\r\n<\/ul>\r\n<strong>Repatriaci\u00f3n entre pa\u00edses de Am\u00e9rica Latina<\/strong>\r\n<ul>\r\n \t<li>Tr\u00e1mites legales<\/li>\r\n \t<li>Traslados necesarios<\/li>\r\n \t<li>Preparaci\u00f3n<\/li>\r\n \t<li>Cofre<\/li>\r\n \t<li>Repatriaci\u00f3n al pa\u00eds de origen<\/li>\r\n \t<li>Velaci\u00f3n<\/li>\r\n \t<li>Cremaci\u00f3n (excepto Colombia en el cual se podr\u00e1 brindar inhumaci\u00f3n si la familia lo dispone)<\/li>\r\n<\/ul>\r\n<strong>Repatriaci\u00f3n desde cualquier pa\u00eds de Am\u00e9rica Latina hacia USA<\/strong>\r\n<ul>\r\n \t<li>Tr\u00e1mites Legales<\/li>\r\n \t<li>Traslados Necesarios<\/li>\r\n \t<li>Repatriaci\u00f3n a USA<\/li>\r\n \t<li>Velaci\u00f3n<\/li>\r\n \t<li>Cremaci\u00f3n<\/li>\r\n<\/ul>\r\n<strong>Servicio de Velaci\u00f3n y Cremaci\u00f3n en USA<\/strong>\r\n<ul>\r\n \t<li>Tr\u00e1mites legales<\/li>\r\n \t<li>Traslados necesarios<\/li>\r\n \t<li>Preparaci\u00f3n<\/li>\r\n \t<li>Velaci\u00f3n<\/li>\r\n \t<li>Cremaci\u00f3n<\/li>\r\n<\/ul>","_et_gb_content_width":"","footnotes":""},"class_list":["post-5370","page","type-page","status-publish","hentry"],"_links":{"self":[{"href":"https:\/\/previsionmontevecchio.com\/en\/wp-json\/wp\/v2\/pages\/5370\/"}],"collection":[{"href":"https:\/\/previsionmontevecchio.com\/en\/wp-json\/wp\/v2\/pages\/"}],"about":[{"href":"https:\/\/previsionmontevecchio.com\/en\/wp-json\/wp\/v2\/types\/page\/"}],"author":[{"embeddable":true,"href":"https:\/\/previsionmontevecchio.com\/en\/wp-json\/wp\/v2\/users\/2\/"}],"replies":[{"embeddable":true,"href":"https:\/\/previsionmontevecchio.com\/en\/wp-json\/wp\/v2\/comments\/?post=5370"}],"version-history":[{"count":95,"href":"https:\/\/previsionmontevecchio.com\/en\/wp-json\/wp\/v2\/pages\/5370\/revisions\/"}],"predecessor-version":[{"id":6314,"href":"https:\/\/previsionmontevecchio.com\/en\/wp-json\/wp\/v2\/pages\/5370\/revisions\/6314\/"}],"wp:attachment":[{"href":"https:\/\/previsionmontevecchio.com\/en\/wp-json\/wp\/v2\/media\/?parent=5370"}],"curies":[{"name":"wp","href":"https:\/\/api.w.org\/{rel}","templated":true}]}}