{"id":5116,"date":"2018-03-06T12:44:48","date_gmt":"2018-03-06T16:44:48","guid":{"rendered":"https:\/\/previsionmontevecchio.com\/about-us\/"},"modified":"2018-05-15T16:05:30","modified_gmt":"2018-05-15T20:05:30","slug":"about-us","status":"publish","type":"page","link":"https:\/\/previsionmontevecchio.com\/en\/about-us\/","title":{"rendered":"About Us"},"content":{"rendered":"<p>[et_pb_section bb_built=&#8221;1&#8243; _builder_version=&#8221;3.0.91&#8243; background_image=&#8221;https:\/\/previsionmontevecchio.com\/wp-content\/uploads\/2017\/12\/IMG-head-quienes-somos.jpg&#8221; custom_margin=&#8221;0px||0px|&#8221; custom_padding=&#8221;0px||0px|&#8221; next_background_color=&#8221;#ffffff&#8221;][et_pb_row _builder_version=&#8221;3.2.2&#8243;][et_pb_column type=&#8221;4_4&#8243;][et_pb_text _builder_version=&#8221;3.2.2&#8243; header_text_align=&#8221;left&#8221; header_font_size=&#8221;36px&#8221; header_text_color=&#8221;#ffffff&#8221; custom_padding=&#8221;||0px|&#8221; background_layout=&#8221;dark&#8221; text_font_size=&#8221;18px&#8221; text_text_color=&#8221;#ffffff&#8221; text_font=&#8221;Josefin Sans||||||||&#8221;]<\/p>\n<h1>ABOUT US<\/h1>\n<p>[\/et_pb_text][\/et_pb_column][\/et_pb_row][\/et_pb_section][et_pb_section bb_built=&#8221;1&#8243; background_color=&#8221;#ffffff&#8221; _builder_version=&#8221;3.0.97&#8243; custom_padding=&#8221;0px||0px|&#8221; animation_style=&#8221;fade&#8221; next_background_color=&#8221;#000000&#8243; prev_background_color=&#8221;#000000&#8243;][et_pb_row custom_padding=&#8221;|15px||15px&#8221; background_color=&#8221;#ffffff&#8221; _builder_version=&#8221;3.0.106&#8243; animation_direction=&#8221;right&#8221;][et_pb_column type=&#8221;1_2&#8243;][et_pb_text admin_label=&#8221;Nuestra histroria (parte 1)&#8221; _builder_version=&#8221;3.0.106&#8243; header_2_font=&#8221;Marcellus||||||||&#8221; header_2_text_color=&#8221;#3e5b7b&#8221; background_layout=&#8221;light&#8221; text_font_size=&#8221;18px&#8221; header_text_color=&#8221;#425d7c&#8221; border_color_all=&#8221;#425d7c&#8221;]<\/p>\n<h2><span style=\"color: #425d7c;\">OUR HISTORY<\/span><\/h2>\n<p><span style=\"color: #425d7c;\">For many years, innumerable Latin American families in the United States faced the urgent need of asking for alms or donations for the repatriation of their dead relatives. These solemn moments transformed in sorrow and frustration.<\/span><\/p>\n<p><strong><span style=\"color: #425d7c;\">PREVISI\u00d3N MONTEVECHIO<\/span><\/strong> became the real alternative for all the Latin American families in the USA, offering the most appropriate conditions to guarantee the return to their origin country in warm, peaceful, and efficient conditions, since that is what their relatives deserve.<\/p>\n<p><span style=\"color: #425d7c;\">The well-known reputation of Previsi\u00f3n Montevecchio, together with human quality of our staff, places us at the top of the ranking of funeral services suppliers in all its departments: Cremations, Burials and repatriation or expatriation of corpses.<\/span><\/p>\n<p>[\/et_pb_text][\/et_pb_column][et_pb_column type=&#8221;1_2&#8243;][et_pb_image src=&#8221;https:\/\/previsionmontevecchio.com\/wp-content\/uploads\/2017\/12\/historia.jpg&#8221; _builder_version=&#8221;3.0.91&#8243; animation_style=&#8221;zoom&#8221; \/][\/et_pb_column][\/et_pb_row][\/et_pb_section][et_pb_section bb_built=&#8221;1&#8243; background_color=&#8221;#ffffff&#8221; _builder_version=&#8221;3.0.97&#8243; custom_padding=&#8221;0px||0px|&#8221; animation_style=&#8221;fade&#8221; prev_background_color=&#8221;#000000&#8243; next_background_color=&#8221;#000000&#8243;][et_pb_row custom_padding=&#8221;|15px||15px&#8221; _builder_version=&#8221;3.0.91&#8243;][et_pb_column type=&#8221;4_4&#8243;][et_pb_text admin_label=&#8221;Nuestra historia (parte 2)&#8221; _builder_version=&#8221;3.0.106&#8243; header_3_font=&#8221;Marcellus||||||||&#8221; header_3_text_color=&#8221;#3e5b7b&#8221; header_4_font=&#8221;Marcellus||||||||&#8221; header_4_text_color=&#8221;#3e5b7b&#8221; background_layout=&#8221;light&#8221; text_font_size=&#8221;18px&#8221; text_text_color=&#8221;#425d7c&#8221; header_text_color=&#8221;#425d7c&#8221;]<\/p>\n<p><span style=\"color: #425d7c;\">Additionally, and as part of the development of PREVISI\u00d3N MONTEVECCHIO, we have created innovative business to offer new and additional services necessaries for funeral ceremonies of high level like crematory oven, the planning of tributes and many other alternatives aimed mainly to Latin American funeral markets as well as English market and for the rest of the world.<\/span><\/p>\n<p><span style=\"color: #425d7c;\">This is our history. \u00a1A history that guarantees an honorable and fair service delivered form our soul!<\/span><\/p>\n<p>[\/et_pb_text][\/et_pb_column][\/et_pb_row][\/et_pb_section][et_pb_section bb_built=&#8221;1&#8243; _builder_version=&#8221;3.0.105&#8243; custom_padding=&#8221;0px|0px|54px|0px&#8221; prev_background_color=&#8221;#000000&#8243; next_background_color=&#8221;#3e567c&#8221;][et_pb_row _builder_version=&#8221;3.0.105&#8243; custom_padding=&#8221;21px|0px|27px|15px&#8221;][et_pb_column type=&#8221;4_4&#8243;][et_pb_text admin_label=&#8221;Misi\u00f3n&#8221; _builder_version=&#8221;3.0.106&#8243; background_layout=&#8221;light&#8221; text_font_size=&#8221;18px&#8221; text_text_color=&#8221;#3e5b7b&#8221; header_text_color=&#8221;#425d7c&#8221;]<\/p>\n<h2><span style=\"color: #425d7c;\">MISSION<\/span><\/h2>\n<h4><span style=\"color: #425d7c;\">We bring confidence by offering the best service.<\/span><\/h4>\n<p><span style=\"color: #425d7c;\">We are a Latin American commercial group specialized in offering funeral products and burial assistance with indirect participation in a worldwide network of suppliers.<\/span><\/p>\n<p><span style=\"color: #425d7c;\">Our experience of more than 15 years is the greatest testimony of those we have accompanied in such sensible moments. Our highly qualified customer service team brings assistance and timely and dedicated advice to reach more than 2.000 services that include inhumations, transportation, funeral services, repatriations, and expatriations all over the world.<\/span><\/p>\n<p><span style=\"color: #425d7c;\">We offer a priceless support especially to Latin American citizens but also to any person in such situation, when they may be emotionally disturbed and financially lost.<\/span><\/p>\n<p><span style=\"color: #425d7c;\">Our mission consists on giving an appropriate, timely and high-quality answer to our customers when a beloved relative is lost. We help them to face the situation in a better way in all aspects.<\/span><\/p>\n<p>[\/et_pb_text][\/et_pb_column][\/et_pb_row][\/et_pb_section][et_pb_section bb_built=&#8221;1&#8243; background_color=&#8221;#3e567c&#8221; _builder_version=&#8221;3.2.1&#8243; animation_style=&#8221;fade&#8221; prev_background_color=&#8221;#ffffff&#8221;][et_pb_row _builder_version=&#8221;3.2.1&#8243; background_size=&#8221;initial&#8221; background_position=&#8221;top_left&#8221; background_repeat=&#8221;repeat&#8221; animation_direction=&#8221;right&#8221;][et_pb_column type=&#8221;1_4&#8243;][et_pb_image src=&#8221;https:\/\/previsionmontevecchio.com\/wp-content\/uploads\/2018\/01\/LOGO-WEB-WHITE2.png&#8221; _builder_version=&#8221;3.0.97&#8243; animation_style=&#8221;slide&#8221; animation_direction=&#8221;top&#8221; \/][et_pb_social_media_follow url_new_window=&#8221;off&#8221; _builder_version=&#8221;3.0.106&#8243; text_orientation=&#8221;center&#8221; custom_margin=&#8221;20px|||&#8221; follow_button=&#8221;off&#8221; background_layout=&#8221;light&#8221;][et_pb_social_media_follow_network social_network=&#8221;facebook&#8221; _builder_version=&#8221;3.0.106&#8243; background_color=&#8221;rgba(255,255,255,0.6)&#8221; follow_button=&#8221;off&#8221; url_new_window=&#8221;off&#8221; skype_action=&#8221;call&#8221; url=&#8221;https:\/\/www.facebook.com\/previsionmontevecchio\/&#8221; use_background_color_gradient=&#8221;off&#8221; background_color_gradient_start=&#8221;#2b87da&#8221; background_color_gradient_end=&#8221;#29c4a9&#8243; background_color_gradient_type=&#8221;linear&#8221; background_color_gradient_direction=&#8221;180deg&#8221; background_color_gradient_direction_radial=&#8221;center&#8221; background_color_gradient_start_position=&#8221;0%&#8221; background_color_gradient_end_position=&#8221;100%&#8221; background_color_gradient_overlays_image=&#8221;off&#8221; parallax=&#8221;off&#8221; parallax_method=&#8221;on&#8221; background_size=&#8221;cover&#8221; background_position=&#8221;center&#8221; background_repeat=&#8221;no-repeat&#8221; background_blend=&#8221;normal&#8221; allow_player_pause=&#8221;off&#8221; background_video_pause_outside_viewport=&#8221;on&#8221; box_shadow_style=&#8221;none&#8221;]<\/p>\n<p>Facebook<\/p>\n<p>[\/et_pb_social_media_follow_network][et_pb_social_media_follow_network social_network=&#8221;instagram&#8221; _builder_version=&#8221;3.0.106&#8243; background_color=&#8221;rgba(255,255,255,0.6)&#8221; follow_button=&#8221;off&#8221; url_new_window=&#8221;off&#8221; skype_action=&#8221;call&#8221; url=&#8221;https:\/\/www.instagram.com\/previsionmontevecchio\/&#8221; use_background_color_gradient=&#8221;off&#8221; background_color_gradient_start=&#8221;#2b87da&#8221; background_color_gradient_end=&#8221;#29c4a9&#8243; background_color_gradient_type=&#8221;linear&#8221; background_color_gradient_direction=&#8221;180deg&#8221; background_color_gradient_direction_radial=&#8221;center&#8221; background_color_gradient_start_position=&#8221;0%&#8221; background_color_gradient_end_position=&#8221;100%&#8221; background_color_gradient_overlays_image=&#8221;off&#8221; parallax=&#8221;off&#8221; parallax_method=&#8221;on&#8221; background_size=&#8221;cover&#8221; background_position=&#8221;center&#8221; background_repeat=&#8221;no-repeat&#8221; background_blend=&#8221;normal&#8221; allow_player_pause=&#8221;off&#8221; background_video_pause_outside_viewport=&#8221;on&#8221; box_shadow_style=&#8221;none&#8221;]<\/p>\n<p>Instagram<\/p>\n<p>[\/et_pb_social_media_follow_network][\/et_pb_social_media_follow][\/et_pb_column][et_pb_column type=&#8221;1_4&#8243;][et_pb_text admin_label=&#8221;NOSOTROS&#8221; background_layout=&#8221;dark&#8221; _builder_version=&#8221;3.2.1&#8243; text_text_color=&#8221;#ffffff&#8221; header_text_color=&#8221;#ce0048&#8243; header_4_font=&#8221;Marcellus||||||||&#8221; header_4_text_color=&#8221;#ffffff&#8221; text_font_size=&#8221;16px&#8221;]<\/p>\n<h4>PREVISI\u00d3N MONTEVECCHIO<\/h4>\n<p>This is Colombian \u2013 Peruvian \u2013 American company, created to bring tranquility to all the Latin American families in the case of death of any relative in their origin country or abroad. We offer integrated solutions in funeral services and the repatriation for Latin American citizens residing in the United States of America and Latin America.<\/p>\n<p>[\/et_pb_text][\/et_pb_column][et_pb_column type=&#8221;1_4&#8243;][et_pb_text admin_label=&#8221;Contacto&#8221; background_layout=&#8221;dark&#8221; _builder_version=&#8221;3.0.106&#8243; text_text_color=&#8221;#ffffff&#8221; header_4_font=&#8221;Marcellus||||||||&#8221; header_4_text_color=&#8221;#ffffff&#8221; text_font_size=&#8221;16px&#8221;]<\/p>\n<h4>CONTACT US<\/h4>\n<p>Address:<br \/>\n3220 N 72nd Terrace,<br \/>\nHollywood FL 33024<\/p>\n<p>Phone: 1 800 930 0285<\/p>\n<p>Commercial address:<br \/>\nCalle 38 a Sur #46-93 Interior<br \/>\n401 Barrio Alcal\u00e1, Envigado<\/p>\n<p>[\/et_pb_text][\/et_pb_column][et_pb_column type=&#8221;1_4&#8243;][et_pb_text admin_label=&#8221;T\u00edtulo %22Testimonios%22&#8243; background_layout=&#8221;dark&#8221; _builder_version=&#8221;3.2.1&#8243; header_4_font=&#8221;Marcellus||||||||&#8221; header_4_text_color=&#8221;#ffffff&#8221; custom_margin=&#8221;||0px|&#8221; text_font_size=&#8221;16px&#8221;]<\/p>\n<h4 style=\"text-align: center;\">TESTIMONIALS<\/h4>\n<p>[\/et_pb_text][et_pb_slider _builder_version=&#8221;3.2.1&#8243; body_text_color=&#8221;#f4f5f7&#8243; box_shadow_blur=&#8221;10px&#8221; box_shadow_color=&#8221;rgba(0,0,0,0.1)&#8221; header_text_color=&#8221;#f4f5f7&#8243;][et_pb_slide use_bg_overlay=&#8221;off&#8221; use_text_overlay=&#8221;off&#8221; _builder_version=&#8221;3.2.1&#8243; background_color=&#8221;#3e567c&#8221; use_background_color_gradient=&#8221;off&#8221; background_color_gradient_start=&#8221;#2b87da&#8221; background_color_gradient_end=&#8221;#29c4a9&#8243; background_color_gradient_type=&#8221;linear&#8221; background_color_gradient_direction=&#8221;180deg&#8221; background_color_gradient_direction_radial=&#8221;center&#8221; background_color_gradient_start_position=&#8221;0%&#8221; background_color_gradient_end_position=&#8221;100%&#8221; background_color_gradient_overlays_image=&#8221;off&#8221; parallax=&#8221;off&#8221; parallax_method=&#8221;on&#8221; background_size=&#8221;cover&#8221; background_position=&#8221;center&#8221; background_repeat=&#8221;no-repeat&#8221; background_blend=&#8221;normal&#8221; allow_player_pause=&#8221;off&#8221; background_video_pause_outside_viewport=&#8221;on&#8221; text_border_radius=&#8221;3&#8243; alignment=&#8221;center&#8221; child_filter_hue_rotate=&#8221;0deg&#8221; child_filter_saturate=&#8221;100%&#8221; child_filter_brightness=&#8221;100%&#8221; child_filter_contrast=&#8221;100%&#8221; child_filter_invert=&#8221;0%&#8221; child_filter_sepia=&#8221;0%&#8221; child_filter_opacity=&#8221;100%&#8221; child_filter_blur=&#8221;0px&#8221; child_mix_blend_mode=&#8221;normal&#8221; background_layout=&#8221;dark&#8221; text_shadow_style=&#8221;none&#8221; header_text_shadow_style=&#8221;none&#8221; body_text_shadow_style=&#8221;none&#8221; button_text_shadow_style=&#8221;none&#8221; box_shadow_style_button=&#8221;none&#8221; text_shadow_horizontal_length=&#8221;0em&#8221; text_shadow_vertical_length=&#8221;0em&#8221; text_shadow_blur_strength=&#8221;0em&#8221; header_text_shadow_horizontal_length=&#8221;0em&#8221; header_text_shadow_vertical_length=&#8221;0em&#8221; header_text_shadow_blur_strength=&#8221;0em&#8221; body_text_shadow_horizontal_length=&#8221;0em&#8221; body_text_shadow_vertical_length=&#8221;0em&#8221; body_text_shadow_blur_strength=&#8221;0em&#8221; button_text_shadow_horizontal_length=&#8221;0em&#8221; button_text_shadow_vertical_length=&#8221;0em&#8221; button_text_shadow_blur_strength=&#8221;0em&#8221; button_link=&#8221;#&#8221;]<\/p>\n<p>&#8220;A very dear being for me passed away recently and I found a valuable support in Montevecchio because they assisted me from the moment of the decease, accompanying me until their final farewell. They took over all the paperwork and offered him a decent service. \u201d <em>Mar\u00eda Esteban Miami FL<\/em><\/p>\n<p>[\/et_pb_slide][et_pb_slide use_bg_overlay=&#8221;off&#8221; use_text_overlay=&#8221;off&#8221; _builder_version=&#8221;3.2.1&#8243; custom_button=&#8221;off&#8221; button_on_hover=&#8221;on&#8221; background_color=&#8221;#3e567c&#8221; use_background_color_gradient=&#8221;off&#8221; background_color_gradient_start=&#8221;#2b87da&#8221; background_color_gradient_end=&#8221;#29c4a9&#8243; background_color_gradient_type=&#8221;linear&#8221; background_color_gradient_direction=&#8221;180deg&#8221; background_color_gradient_direction_radial=&#8221;center&#8221; background_color_gradient_start_position=&#8221;0%&#8221; background_color_gradient_end_position=&#8221;100%&#8221; background_color_gradient_overlays_image=&#8221;off&#8221; parallax=&#8221;off&#8221; parallax_method=&#8221;on&#8221; background_size=&#8221;cover&#8221; background_position=&#8221;center&#8221; background_repeat=&#8221;no-repeat&#8221; background_blend=&#8221;normal&#8221; allow_player_pause=&#8221;off&#8221; background_video_pause_outside_viewport=&#8221;on&#8221; text_border_radius=&#8221;3&#8243; alignment=&#8221;center&#8221; child_filter_hue_rotate=&#8221;0deg&#8221; child_filter_saturate=&#8221;100%&#8221; child_filter_brightness=&#8221;100%&#8221; child_filter_contrast=&#8221;100%&#8221; child_filter_invert=&#8221;0%&#8221; child_filter_sepia=&#8221;0%&#8221; child_filter_opacity=&#8221;100%&#8221; child_filter_blur=&#8221;0px&#8221; child_mix_blend_mode=&#8221;normal&#8221; background_layout=&#8221;dark&#8221; text_shadow_style=&#8221;none&#8221; header_text_shadow_style=&#8221;none&#8221; body_text_shadow_style=&#8221;none&#8221; button_bg_use_color_gradient=&#8221;off&#8221; button_bg_color_gradient_overlays_image=&#8221;off&#8221; button_use_icon=&#8221;on&#8221; button_text_shadow_style=&#8221;none&#8221; box_shadow_style_button=&#8221;none&#8221; text_shadow_horizontal_length=&#8221;0em&#8221; text_shadow_vertical_length=&#8221;0em&#8221; text_shadow_blur_strength=&#8221;0em&#8221; header_text_shadow_horizontal_length=&#8221;0em&#8221; header_text_shadow_vertical_length=&#8221;0em&#8221; header_text_shadow_blur_strength=&#8221;0em&#8221; body_text_shadow_horizontal_length=&#8221;0em&#8221; body_text_shadow_vertical_length=&#8221;0em&#8221; body_text_shadow_blur_strength=&#8221;0em&#8221; button_text_shadow_horizontal_length=&#8221;0em&#8221; button_text_shadow_vertical_length=&#8221;0em&#8221; button_text_shadow_blur_strength=&#8221;0em&#8221; body_font_size=&#8221;16px&#8221; body_font_size_tablet=&#8221;16px&#8221; body_font_size_phone=&#8221;16px&#8221; button_link=&#8221;#&#8221;]<\/p>\n<p>\u201cFortunately, I have not had the need to use the services yet, but they have affordable rates and they advise you so that you can be covered in a preventive manner when it is necessary to dismiss a family member or friend.\u201d <em>Joha River Nashville, TN<\/em><\/p>\n<p>[\/et_pb_slide][et_pb_slide use_bg_overlay=&#8221;off&#8221; use_text_overlay=&#8221;off&#8221; _builder_version=&#8221;3.2.1&#8243; custom_button=&#8221;off&#8221; button_on_hover=&#8221;on&#8221; background_color=&#8221;#3e567c&#8221; use_background_color_gradient=&#8221;off&#8221; background_color_gradient_start=&#8221;#2b87da&#8221; background_color_gradient_end=&#8221;#29c4a9&#8243; background_color_gradient_type=&#8221;linear&#8221; background_color_gradient_direction=&#8221;180deg&#8221; background_color_gradient_direction_radial=&#8221;center&#8221; background_color_gradient_start_position=&#8221;0%&#8221; background_color_gradient_end_position=&#8221;100%&#8221; background_color_gradient_overlays_image=&#8221;off&#8221; parallax=&#8221;off&#8221; parallax_method=&#8221;on&#8221; background_size=&#8221;cover&#8221; background_position=&#8221;center&#8221; background_repeat=&#8221;no-repeat&#8221; background_blend=&#8221;normal&#8221; allow_player_pause=&#8221;off&#8221; background_video_pause_outside_viewport=&#8221;on&#8221; text_border_radius=&#8221;3&#8243; alignment=&#8221;center&#8221; child_filter_hue_rotate=&#8221;0deg&#8221; child_filter_saturate=&#8221;100%&#8221; child_filter_brightness=&#8221;100%&#8221; child_filter_contrast=&#8221;100%&#8221; child_filter_invert=&#8221;0%&#8221; child_filter_sepia=&#8221;0%&#8221; child_filter_opacity=&#8221;100%&#8221; child_filter_blur=&#8221;0px&#8221; child_mix_blend_mode=&#8221;normal&#8221; background_layout=&#8221;dark&#8221; text_shadow_style=&#8221;none&#8221; header_text_shadow_style=&#8221;none&#8221; body_text_shadow_style=&#8221;none&#8221; button_bg_use_color_gradient=&#8221;off&#8221; button_bg_color_gradient_overlays_image=&#8221;off&#8221; button_use_icon=&#8221;on&#8221; button_text_shadow_style=&#8221;none&#8221; box_shadow_style_button=&#8221;none&#8221; text_shadow_horizontal_length=&#8221;0em&#8221; text_shadow_vertical_length=&#8221;0em&#8221; text_shadow_blur_strength=&#8221;0em&#8221; header_text_shadow_horizontal_length=&#8221;0em&#8221; header_text_shadow_vertical_length=&#8221;0em&#8221; header_text_shadow_blur_strength=&#8221;0em&#8221; body_font_size=&#8221;16px&#8221; body_font_size_tablet=&#8221;16px&#8221; body_font_size_phone=&#8221;16px&#8221; body_text_shadow_horizontal_length=&#8221;0em&#8221; body_text_shadow_vertical_length=&#8221;0em&#8221; body_text_shadow_blur_strength=&#8221;0em&#8221; button_text_shadow_horizontal_length=&#8221;0em&#8221; button_text_shadow_vertical_length=&#8221;0em&#8221; button_text_shadow_blur_strength=&#8221;0em&#8221; button_link=&#8221;#&#8221;]<\/p>\n<p>I highly recommend the services and plans of Montevecchio, my mother\u2019s greatest wish was to be able to return to her country to rest in it with her other loved ones and so that most of her children and grandchildren had access to visit her. Thanks to them I was able to achieve their repatriation. \u201d <em>Cesar Martin Brooklyn NY<\/em><\/p>\n<p>[\/et_pb_slide][et_pb_slide use_bg_overlay=&#8221;off&#8221; use_text_overlay=&#8221;off&#8221; _builder_version=&#8221;3.2.1&#8243; background_color=&#8221;#3e567c&#8221; use_background_color_gradient=&#8221;off&#8221; background_color_gradient_start=&#8221;#2b87da&#8221; background_color_gradient_end=&#8221;#29c4a9&#8243; background_color_gradient_type=&#8221;linear&#8221; background_color_gradient_direction=&#8221;180deg&#8221; background_color_gradient_direction_radial=&#8221;center&#8221; background_color_gradient_start_position=&#8221;0%&#8221; background_color_gradient_end_position=&#8221;100%&#8221; background_color_gradient_overlays_image=&#8221;off&#8221; parallax=&#8221;off&#8221; parallax_method=&#8221;on&#8221; background_size=&#8221;cover&#8221; background_position=&#8221;center&#8221; background_repeat=&#8221;no-repeat&#8221; background_blend=&#8221;normal&#8221; allow_player_pause=&#8221;off&#8221; background_video_pause_outside_viewport=&#8221;on&#8221; text_border_radius=&#8221;3&#8243; alignment=&#8221;center&#8221; child_filter_hue_rotate=&#8221;0deg&#8221; child_filter_saturate=&#8221;100%&#8221; child_filter_brightness=&#8221;100%&#8221; child_filter_contrast=&#8221;100%&#8221; child_filter_invert=&#8221;0%&#8221; child_filter_sepia=&#8221;0%&#8221; child_filter_opacity=&#8221;100%&#8221; child_filter_blur=&#8221;0px&#8221; child_mix_blend_mode=&#8221;normal&#8221; background_layout=&#8221;dark&#8221; text_shadow_style=&#8221;none&#8221; header_text_shadow_style=&#8221;none&#8221; body_text_shadow_style=&#8221;none&#8221; button_text_shadow_style=&#8221;none&#8221; box_shadow_style_button=&#8221;none&#8221; text_shadow_horizontal_length=&#8221;0em&#8221; text_shadow_vertical_length=&#8221;0em&#8221; text_shadow_blur_strength=&#8221;0em&#8221; header_text_shadow_horizontal_length=&#8221;0em&#8221; header_text_shadow_vertical_length=&#8221;0em&#8221; header_text_shadow_blur_strength=&#8221;0em&#8221; body_text_shadow_horizontal_length=&#8221;0em&#8221; body_text_shadow_vertical_length=&#8221;0em&#8221; body_text_shadow_blur_strength=&#8221;0em&#8221; button_text_shadow_horizontal_length=&#8221;0em&#8221; button_text_shadow_vertical_length=&#8221;0em&#8221; button_text_shadow_blur_strength=&#8221;0em&#8221; body_font_size=&#8221;16px&#8221; body_font_size_tablet=&#8221;16px&#8221; body_font_size_phone=&#8221;16px&#8221; button_link=&#8221;#&#8221; custom_button=&#8221;off&#8221; button_bg_use_color_gradient=&#8221;off&#8221; button_bg_color_gradient_overlays_image=&#8221;off&#8221; button_use_icon=&#8221;on&#8221; button_on_hover=&#8221;on&#8221;]<\/p>\n<p>\u201cI believe that in Montevecchio Forecast they have a complete program regarding all the services that may be required in this type of situation where you find yourself dejected, they adjust to your needs\u201d. <em>Ferdinando Martinez Hollywood, FL<\/em><\/p>\n<p>[\/et_pb_slide][\/et_pb_slider][\/et_pb_column][\/et_pb_row][\/et_pb_section]<\/p>\n","protected":false},"excerpt":{"rendered":"<p>ABOUT US OUR HISTORY For many years, innumerable Latin American families in the United States faced the urgent need of asking for alms or donations for the repatriation of their dead relatives. These solemn moments transformed in sorrow and frustration. PREVISI\u00d3N MONTEVECHIO became the real alternative for all the Latin American families in the USA, [&hellip;]<\/p>\n","protected":false},"author":2,"featured_media":0,"parent":0,"menu_order":0,"comment_status":"closed","ping_status":"closed","template":"","meta":{"_et_pb_use_builder":"on","_et_pb_old_content":"<div class=\"vc_row wpb_row vc_row-fluid\"><div class=\"wpb_column vc_column_container vc_col-sm-12\"><div class=\"vc_column-inner \"><div class=\"wpb_wrapper\"><div class=\"wpb_text_column wpb_content_element \"><div class=\"wpb_wrapper\"><h2 class=\"sc_title sc_title_regular sc_align_center fig_border\" style=\"text-align: center;\">Qui\u00e9nes Somos<\/h2><\/div><\/div><\/div><\/div><\/div><\/div><p align=\"justify\"><strong>GRUPO DELAT<\/strong> (Destinos Latinoamericanos) es una compa\u00f1\u00eda Colombo-Peruana creada con el \u00e1nimo de ofrecer tranquilidad a todas las familias latino americanas en caso de ocurrir el deceso de un ser querido fuera de su pa\u00eds de origen. En este sentido, ofrece soluciones integrales en asistencia funeraria y de repatriaci\u00f3n para los latinos residentes en Estados Unidos, Canad\u00e1 y Am\u00e9rica Latina.<\/p><p align=\"justify\">Nuestra compa\u00f1\u00eda est\u00e1 legalmente constituida en los Estados Unidos, bajo las leyes del Departamento de Estado de la Florida, como una compa\u00f1\u00eda LLC; y en Colombia, como una compa\u00f1\u00eda S.A.S. Contamos con sedes en Miami, Florida (USA); y en Envigado, Antioquia (Colombia).<\/p><p align=\"justify\">Hemos establecido convenios con m\u00e1s de 40.000 entidades funerarias, lo que nos permite brindar cobertura en USA y Canad\u00e1.<\/p><p align=\"justify\">De igual manera en Am\u00e9rica Latina tenemos alianzas establecidas lo que nos permite brindar cobertura en todo el territorio.<\/p>","_et_gb_content_width":"","footnotes":""},"class_list":["post-5116","page","type-page","status-publish","hentry"],"_links":{"self":[{"href":"https:\/\/previsionmontevecchio.com\/en\/wp-json\/wp\/v2\/pages\/5116\/"}],"collection":[{"href":"https:\/\/previsionmontevecchio.com\/en\/wp-json\/wp\/v2\/pages\/"}],"about":[{"href":"https:\/\/previsionmontevecchio.com\/en\/wp-json\/wp\/v2\/types\/page\/"}],"author":[{"embeddable":true,"href":"https:\/\/previsionmontevecchio.com\/en\/wp-json\/wp\/v2\/users\/2\/"}],"replies":[{"embeddable":true,"href":"https:\/\/previsionmontevecchio.com\/en\/wp-json\/wp\/v2\/comments\/?post=5116"}],"version-history":[{"count":76,"href":"https:\/\/previsionmontevecchio.com\/en\/wp-json\/wp\/v2\/pages\/5116\/revisions\/"}],"predecessor-version":[{"id":6294,"href":"https:\/\/previsionmontevecchio.com\/en\/wp-json\/wp\/v2\/pages\/5116\/revisions\/6294\/"}],"wp:attachment":[{"href":"https:\/\/previsionmontevecchio.com\/en\/wp-json\/wp\/v2\/media\/?parent=5116"}],"curies":[{"name":"wp","href":"https:\/\/api.w.org\/{rel}","templated":true}]}}